{"id":300,"date":"2019-09-24T21:25:13","date_gmt":"2019-09-24T20:25:13","guid":{"rendered":"http:\/\/raduha.com\/good-taste\/"},"modified":"2025-02-10T12:06:59","modified_gmt":"2025-02-10T11:06:59","slug":"gutter-geschmack","status":"publish","type":"page","link":"https:\/\/raduha.com\/de\/gutter-geschmack\/","title":{"rendered":"Guter Geschmack"},"content":{"rendered":"\n<p><em>Die Liebe zu Formen, Farben, D\u00fcften und Geschm\u00e4ckern ist dabei zu unserem Credo geworden. Wir denken, es ist kein Zufall, dass hat der Begriff GUTER GESCHMACK eine allgemeine Bedeutung in allen Kunstarten und im Leben selber bekommen.<\/em><\/p>\n\n\n\n<p><em>Auch wir bem\u00fchen uns darum, dass unsere Speisen f\u00fcr sich sprechen. Mit ihrer Qualit\u00e4t m\u00f6chten wir den Menschen die Natur und all ihre Nuancen auf eigene Weise n\u00e4herzubringen &#8211; mit ihren eigenen Aromen gew\u00fcrzt. Weil wir kulinarisches Wissen, Tradition und Einfallsreichtum vereinen m\u00f6chten, suche wir stets nach neuen Ideen und Geschm\u00e4cken.<\/em><\/p>\n\n\n\n<p><em>Tradition ist ein Reichtum, den wir hoch achten und versuchen auf die junge Generation zu \u00fcbertragen. Die ganze Familie ist Teil dieses gastronomischen Fleckchens, welches uns miteinander verbindet und gleichzeitig die M\u00f6glichkeit bietet uns frei zu entfalten.<\/em><\/p>\n\n\n\n<p><em><strong>Martina in Matja\u017e Breznik<\/strong><\/em><\/p>\n","protected":false},"excerpt":{"rendered":"<p>Die Liebe zu Formen, Farben, D\u00fcften und Geschm\u00e4ckern ist dabei zu unserem Credo geworden. Wir denken, es ist kein Zufall, dass hat der Begriff GUTER GESCHMACK eine allgemeine Bedeutung in allen Kunstarten und im Leben selber bekommen. Auch wir bem\u00fchen uns darum, dass unsere Speisen f\u00fcr sich sprechen. Mit ihrer Qualit\u00e4t m\u00f6chten wir den Menschen [&hellip;]<\/p>\n","protected":false},"author":1,"featured_media":0,"parent":0,"menu_order":0,"comment_status":"closed","ping_status":"closed","template":"CustomDoberOkus-sliding.php","meta":{"_acf_changed":false,"footnotes":""},"class_list":["post-300","page","type-page","status-publish","hentry"],"acf":[],"yoast_head":"<!-- This site is optimized with the Yoast SEO plugin v24.6 - https:\/\/yoast.com\/wordpress\/plugins\/seo\/ -->\n<title>Guter Geschmack - Hi\u0161a Raduha Boutique Hotel and Restaurant with Exquisite Cuisine and Good Architecture | Indulge in Comfort and Culinary Delights in a Beautiful Setting<\/title>\n<meta name=\"description\" content=\"Discover a unique experience at our boutique hotel and restaurant. Indulge in comfort and savor exquisite culinary creations in a beautiful setting with good architecture. Let us pamper you with authentic flavors and unforgettable moments.\" \/>\n<meta name=\"robots\" content=\"index, follow, max-snippet:-1, max-image-preview:large, max-video-preview:-1\" \/>\n<link rel=\"canonical\" href=\"https:\/\/raduha.com\/de\/gutter-geschmack\/\" \/>\n<meta property=\"og:locale\" content=\"de_DE\" \/>\n<meta property=\"og:type\" content=\"article\" \/>\n<meta property=\"og:title\" content=\"Guter Geschmack - Hi\u0161a Raduha Boutique Hotel and Restaurant with Exquisite Cuisine and Good Architecture | Indulge in Comfort and Culinary Delights in a Beautiful Setting\" \/>\n<meta property=\"og:description\" content=\"Discover a unique experience at our boutique hotel and restaurant. Indulge in comfort and savor exquisite culinary creations in a beautiful setting with good architecture. Let us pamper you with authentic flavors and unforgettable moments.\" \/>\n<meta property=\"og:url\" content=\"https:\/\/raduha.com\/de\/gutter-geschmack\/\" \/>\n<meta property=\"og:site_name\" content=\"Hi\u0161a Raduha\" \/>\n<meta property=\"article:publisher\" content=\"https:\/\/www.facebook.com\/RaduhaHouse\/\" \/>\n<meta property=\"article:modified_time\" content=\"2025-02-10T11:06:59+00:00\" \/>\n<meta property=\"og:image\" content=\"https:\/\/raduha.com\/wp-content\/uploads\/2023\/12\/hisa_raduha_logotip_final-3.jpg\" \/>\n\t<meta property=\"og:image:width\" content=\"378\" \/>\n\t<meta property=\"og:image:height\" content=\"253\" \/>\n\t<meta property=\"og:image:type\" content=\"image\/jpeg\" \/>\n<meta name=\"twitter:card\" content=\"summary_large_image\" \/>\n<meta name=\"twitter:label1\" content=\"Gesch\u00e4tzte Lesezeit\" \/>\n\t<meta name=\"twitter:data1\" content=\"1\u00a0Minute\" \/>\n<script type=\"application\/ld+json\" class=\"yoast-schema-graph\">{\"@context\":\"https:\/\/schema.org\",\"@graph\":[{\"@type\":\"WebPage\",\"@id\":\"https:\/\/raduha.com\/de\/gutter-geschmack\/\",\"url\":\"https:\/\/raduha.com\/de\/gutter-geschmack\/\",\"name\":\"Guter Geschmack - Hi\u0161a Raduha Boutique Hotel and Restaurant with Exquisite Cuisine and Good Architecture | Indulge in Comfort and Culinary Delights in a Beautiful Setting\",\"isPartOf\":{\"@id\":\"https:\/\/raduha.com\/de\/#website\"},\"datePublished\":\"2019-09-24T20:25:13+00:00\",\"dateModified\":\"2025-02-10T11:06:59+00:00\",\"description\":\"Discover a unique experience at our boutique hotel and restaurant. Indulge in comfort and savor exquisite culinary creations in a beautiful setting with good architecture. Let us pamper you with authentic flavors and unforgettable moments.\",\"breadcrumb\":{\"@id\":\"https:\/\/raduha.com\/de\/gutter-geschmack\/#breadcrumb\"},\"inLanguage\":\"de\",\"potentialAction\":[{\"@type\":\"ReadAction\",\"target\":[\"https:\/\/raduha.com\/de\/gutter-geschmack\/\"]}]},{\"@type\":\"BreadcrumbList\",\"@id\":\"https:\/\/raduha.com\/de\/gutter-geschmack\/#breadcrumb\",\"itemListElement\":[{\"@type\":\"ListItem\",\"position\":1,\"name\":\"Home\",\"item\":\"https:\/\/raduha.com\/de\/domov\/\"},{\"@type\":\"ListItem\",\"position\":2,\"name\":\"Guter Geschmack\"}]},{\"@type\":\"WebSite\",\"@id\":\"https:\/\/raduha.com\/de\/#website\",\"url\":\"https:\/\/raduha.com\/de\/\",\"name\":\"House Raduha\",\"description\":\"House Raduha, boutique hotel and delicious food\",\"publisher\":{\"@id\":\"https:\/\/raduha.com\/de\/#organization\"},\"potentialAction\":[{\"@type\":\"SearchAction\",\"target\":{\"@type\":\"EntryPoint\",\"urlTemplate\":\"https:\/\/raduha.com\/de\/?s={search_term_string}\"},\"query-input\":{\"@type\":\"PropertyValueSpecification\",\"valueRequired\":true,\"valueName\":\"search_term_string\"}}],\"inLanguage\":\"de\"},{\"@type\":\"Organization\",\"@id\":\"https:\/\/raduha.com\/de\/#organization\",\"name\":\"House Raduha\",\"url\":\"https:\/\/raduha.com\/de\/\",\"logo\":{\"@type\":\"ImageObject\",\"inLanguage\":\"de\",\"@id\":\"https:\/\/raduha.com\/de\/#\/schema\/logo\/image\/\",\"url\":\"https:\/\/raduha.com\/wp-content\/uploads\/2023\/12\/hisa_raduha_logotip_final-3.jpg\",\"contentUrl\":\"https:\/\/raduha.com\/wp-content\/uploads\/2023\/12\/hisa_raduha_logotip_final-3.jpg\",\"width\":378,\"height\":253,\"caption\":\"House Raduha\"},\"image\":{\"@id\":\"https:\/\/raduha.com\/de\/#\/schema\/logo\/image\/\"},\"sameAs\":[\"https:\/\/www.facebook.com\/RaduhaHouse\/\",\"https:\/\/www.instagram.com\/hisa_raduha\/\"]}]}<\/script>\n<!-- \/ Yoast SEO plugin. -->","yoast_head_json":{"title":"Guter Geschmack - Hi\u0161a Raduha Boutique Hotel and Restaurant with Exquisite Cuisine and Good Architecture | Indulge in Comfort and Culinary Delights in a Beautiful Setting","description":"Discover a unique experience at our boutique hotel and restaurant. Indulge in comfort and savor exquisite culinary creations in a beautiful setting with good architecture. Let us pamper you with authentic flavors and unforgettable moments.","robots":{"index":"index","follow":"follow","max-snippet":"max-snippet:-1","max-image-preview":"max-image-preview:large","max-video-preview":"max-video-preview:-1"},"canonical":"https:\/\/raduha.com\/de\/gutter-geschmack\/","og_locale":"de_DE","og_type":"article","og_title":"Guter Geschmack - Hi\u0161a Raduha Boutique Hotel and Restaurant with Exquisite Cuisine and Good Architecture | Indulge in Comfort and Culinary Delights in a Beautiful Setting","og_description":"Discover a unique experience at our boutique hotel and restaurant. Indulge in comfort and savor exquisite culinary creations in a beautiful setting with good architecture. Let us pamper you with authentic flavors and unforgettable moments.","og_url":"https:\/\/raduha.com\/de\/gutter-geschmack\/","og_site_name":"Hi\u0161a Raduha","article_publisher":"https:\/\/www.facebook.com\/RaduhaHouse\/","article_modified_time":"2025-02-10T11:06:59+00:00","og_image":[{"width":378,"height":253,"url":"https:\/\/raduha.com\/wp-content\/uploads\/2023\/12\/hisa_raduha_logotip_final-3.jpg","type":"image\/jpeg"}],"twitter_card":"summary_large_image","twitter_misc":{"Gesch\u00e4tzte Lesezeit":"1\u00a0Minute"},"schema":{"@context":"https:\/\/schema.org","@graph":[{"@type":"WebPage","@id":"https:\/\/raduha.com\/de\/gutter-geschmack\/","url":"https:\/\/raduha.com\/de\/gutter-geschmack\/","name":"Guter Geschmack - Hi\u0161a Raduha Boutique Hotel and Restaurant with Exquisite Cuisine and Good Architecture | Indulge in Comfort and Culinary Delights in a Beautiful Setting","isPartOf":{"@id":"https:\/\/raduha.com\/de\/#website"},"datePublished":"2019-09-24T20:25:13+00:00","dateModified":"2025-02-10T11:06:59+00:00","description":"Discover a unique experience at our boutique hotel and restaurant. Indulge in comfort and savor exquisite culinary creations in a beautiful setting with good architecture. Let us pamper you with authentic flavors and unforgettable moments.","breadcrumb":{"@id":"https:\/\/raduha.com\/de\/gutter-geschmack\/#breadcrumb"},"inLanguage":"de","potentialAction":[{"@type":"ReadAction","target":["https:\/\/raduha.com\/de\/gutter-geschmack\/"]}]},{"@type":"BreadcrumbList","@id":"https:\/\/raduha.com\/de\/gutter-geschmack\/#breadcrumb","itemListElement":[{"@type":"ListItem","position":1,"name":"Home","item":"https:\/\/raduha.com\/de\/domov\/"},{"@type":"ListItem","position":2,"name":"Guter Geschmack"}]},{"@type":"WebSite","@id":"https:\/\/raduha.com\/de\/#website","url":"https:\/\/raduha.com\/de\/","name":"House Raduha","description":"House Raduha, boutique hotel and delicious food","publisher":{"@id":"https:\/\/raduha.com\/de\/#organization"},"potentialAction":[{"@type":"SearchAction","target":{"@type":"EntryPoint","urlTemplate":"https:\/\/raduha.com\/de\/?s={search_term_string}"},"query-input":{"@type":"PropertyValueSpecification","valueRequired":true,"valueName":"search_term_string"}}],"inLanguage":"de"},{"@type":"Organization","@id":"https:\/\/raduha.com\/de\/#organization","name":"House Raduha","url":"https:\/\/raduha.com\/de\/","logo":{"@type":"ImageObject","inLanguage":"de","@id":"https:\/\/raduha.com\/de\/#\/schema\/logo\/image\/","url":"https:\/\/raduha.com\/wp-content\/uploads\/2023\/12\/hisa_raduha_logotip_final-3.jpg","contentUrl":"https:\/\/raduha.com\/wp-content\/uploads\/2023\/12\/hisa_raduha_logotip_final-3.jpg","width":378,"height":253,"caption":"House Raduha"},"image":{"@id":"https:\/\/raduha.com\/de\/#\/schema\/logo\/image\/"},"sameAs":["https:\/\/www.facebook.com\/RaduhaHouse\/","https:\/\/www.instagram.com\/hisa_raduha\/"]}]}},"_links":{"self":[{"href":"https:\/\/raduha.com\/de\/wp-json\/wp\/v2\/pages\/300","targetHints":{"allow":["GET"]}}],"collection":[{"href":"https:\/\/raduha.com\/de\/wp-json\/wp\/v2\/pages"}],"about":[{"href":"https:\/\/raduha.com\/de\/wp-json\/wp\/v2\/types\/page"}],"author":[{"embeddable":true,"href":"https:\/\/raduha.com\/de\/wp-json\/wp\/v2\/users\/1"}],"replies":[{"embeddable":true,"href":"https:\/\/raduha.com\/de\/wp-json\/wp\/v2\/comments?post=300"}],"version-history":[{"count":24,"href":"https:\/\/raduha.com\/de\/wp-json\/wp\/v2\/pages\/300\/revisions"}],"predecessor-version":[{"id":2674,"href":"https:\/\/raduha.com\/de\/wp-json\/wp\/v2\/pages\/300\/revisions\/2674"}],"wp:attachment":[{"href":"https:\/\/raduha.com\/de\/wp-json\/wp\/v2\/media?parent=300"}],"curies":[{"name":"wp","href":"https:\/\/api.w.org\/{rel}","templated":true}]}}