{"id":322,"date":"2019-09-24T21:56:06","date_gmt":"2019-09-24T20:56:06","guid":{"rendered":"http:\/\/raduha.com\/sleep-and-dream\/"},"modified":"2025-02-10T12:40:59","modified_gmt":"2025-02-10T11:40:59","slug":"schlafen-und-traumen","status":"publish","type":"page","link":"https:\/\/raduha.com\/de\/schlafen-und-traumen\/","title":{"rendered":"Schlafen und tr\u00e4umen"},"content":{"rendered":"\n<p>Mit der Architektur, die Altes mit Neuem verbindet, haben wir in Zusammenarbeit mit Architekten, K\u00fcnstlern und lokalen Handwerkern, den Komfort in dem Heustadel, Tr\u00e4ume in dem Baumhaus und einen angenehmen Aufenthalt in der gem\u00fctlichen alten Stall erstellt.<\/p>\n\n\n\n<p>Unsere Wohneinheiten entstanden in Bezug auf das alte Meisterwissen und sind eine Antwort auf die Frage: lokal, authentisch, individuell, modern und mit der Natur verbunden.<\/p>\n","protected":false},"excerpt":{"rendered":"<p>Mit der Architektur, die Altes mit Neuem verbindet, haben wir in Zusammenarbeit mit Architekten, K\u00fcnstlern und lokalen Handwerkern, den Komfort in dem Heustadel, Tr\u00e4ume in dem Baumhaus und einen angenehmen Aufenthalt in der gem\u00fctlichen alten Stall erstellt. Unsere Wohneinheiten entstanden in Bezug auf das alte Meisterwissen und sind eine Antwort auf die Frage: lokal, authentisch, [&hellip;]<\/p>\n","protected":false},"author":1,"featured_media":0,"parent":0,"menu_order":0,"comment_status":"closed","ping_status":"closed","template":"CustomSanjeInSpanje.php","meta":{"_acf_changed":false,"footnotes":""},"class_list":["post-322","page","type-page","status-publish","hentry"],"acf":[],"yoast_head":"<!-- This site is optimized with the Yoast SEO plugin v24.6 - https:\/\/yoast.com\/wordpress\/plugins\/seo\/ -->\n<title>Schlafen und tr\u00e4umen - Hi\u0161a Raduha Boutique Hotel and Restaurant with Exquisite Cuisine and Good Architecture | Indulge in Comfort and Culinary Delights in a Beautiful Setting<\/title>\n<meta name=\"description\" content=\"Discover a unique experience at our boutique hotel and restaurant. Indulge in comfort and savor exquisite culinary creations in a beautiful setting with good architecture. Let us pamper you with authentic flavors and unforgettable moments.\" \/>\n<meta name=\"robots\" content=\"index, follow, max-snippet:-1, max-image-preview:large, max-video-preview:-1\" \/>\n<link rel=\"canonical\" href=\"https:\/\/raduha.com\/de\/schlafen-und-traumen\/\" \/>\n<meta property=\"og:locale\" content=\"de_DE\" \/>\n<meta property=\"og:type\" content=\"article\" \/>\n<meta property=\"og:title\" content=\"Schlafen und tr\u00e4umen - Hi\u0161a Raduha Boutique Hotel and Restaurant with Exquisite Cuisine and Good Architecture | Indulge in Comfort and Culinary Delights in a Beautiful Setting\" \/>\n<meta property=\"og:description\" content=\"Discover a unique experience at our boutique hotel and restaurant. Indulge in comfort and savor exquisite culinary creations in a beautiful setting with good architecture. Let us pamper you with authentic flavors and unforgettable moments.\" \/>\n<meta property=\"og:url\" content=\"https:\/\/raduha.com\/de\/schlafen-und-traumen\/\" \/>\n<meta property=\"og:site_name\" content=\"Hi\u0161a Raduha\" \/>\n<meta property=\"article:publisher\" content=\"https:\/\/www.facebook.com\/RaduhaHouse\/\" \/>\n<meta property=\"article:modified_time\" content=\"2025-02-10T11:40:59+00:00\" \/>\n<meta property=\"og:image\" content=\"https:\/\/raduha.com\/wp-content\/uploads\/2023\/12\/hisa_raduha_logotip_final-3.jpg\" \/>\n\t<meta property=\"og:image:width\" content=\"378\" \/>\n\t<meta property=\"og:image:height\" content=\"253\" \/>\n\t<meta property=\"og:image:type\" content=\"image\/jpeg\" \/>\n<meta name=\"twitter:card\" content=\"summary_large_image\" \/>\n<meta name=\"twitter:label1\" content=\"Gesch\u00e4tzte Lesezeit\" \/>\n\t<meta name=\"twitter:data1\" content=\"1\u00a0Minute\" \/>\n<script type=\"application\/ld+json\" class=\"yoast-schema-graph\">{\"@context\":\"https:\/\/schema.org\",\"@graph\":[{\"@type\":\"WebPage\",\"@id\":\"https:\/\/raduha.com\/de\/schlafen-und-traumen\/\",\"url\":\"https:\/\/raduha.com\/de\/schlafen-und-traumen\/\",\"name\":\"Schlafen und tr\u00e4umen - Hi\u0161a Raduha Boutique Hotel and Restaurant with Exquisite Cuisine and Good Architecture | Indulge in Comfort and Culinary Delights in a Beautiful Setting\",\"isPartOf\":{\"@id\":\"https:\/\/raduha.com\/de\/#website\"},\"datePublished\":\"2019-09-24T20:56:06+00:00\",\"dateModified\":\"2025-02-10T11:40:59+00:00\",\"description\":\"Discover a unique experience at our boutique hotel and restaurant. Indulge in comfort and savor exquisite culinary creations in a beautiful setting with good architecture. Let us pamper you with authentic flavors and unforgettable moments.\",\"breadcrumb\":{\"@id\":\"https:\/\/raduha.com\/de\/schlafen-und-traumen\/#breadcrumb\"},\"inLanguage\":\"de\",\"potentialAction\":[{\"@type\":\"ReadAction\",\"target\":[\"https:\/\/raduha.com\/de\/schlafen-und-traumen\/\"]}]},{\"@type\":\"BreadcrumbList\",\"@id\":\"https:\/\/raduha.com\/de\/schlafen-und-traumen\/#breadcrumb\",\"itemListElement\":[{\"@type\":\"ListItem\",\"position\":1,\"name\":\"Home\",\"item\":\"https:\/\/raduha.com\/de\/domov\/\"},{\"@type\":\"ListItem\",\"position\":2,\"name\":\"Schlafen und tr\u00e4umen\"}]},{\"@type\":\"WebSite\",\"@id\":\"https:\/\/raduha.com\/de\/#website\",\"url\":\"https:\/\/raduha.com\/de\/\",\"name\":\"House Raduha\",\"description\":\"House Raduha, boutique hotel and delicious food\",\"publisher\":{\"@id\":\"https:\/\/raduha.com\/de\/#organization\"},\"potentialAction\":[{\"@type\":\"SearchAction\",\"target\":{\"@type\":\"EntryPoint\",\"urlTemplate\":\"https:\/\/raduha.com\/de\/?s={search_term_string}\"},\"query-input\":{\"@type\":\"PropertyValueSpecification\",\"valueRequired\":true,\"valueName\":\"search_term_string\"}}],\"inLanguage\":\"de\"},{\"@type\":\"Organization\",\"@id\":\"https:\/\/raduha.com\/de\/#organization\",\"name\":\"House Raduha\",\"url\":\"https:\/\/raduha.com\/de\/\",\"logo\":{\"@type\":\"ImageObject\",\"inLanguage\":\"de\",\"@id\":\"https:\/\/raduha.com\/de\/#\/schema\/logo\/image\/\",\"url\":\"https:\/\/raduha.com\/wp-content\/uploads\/2023\/12\/hisa_raduha_logotip_final-3.jpg\",\"contentUrl\":\"https:\/\/raduha.com\/wp-content\/uploads\/2023\/12\/hisa_raduha_logotip_final-3.jpg\",\"width\":378,\"height\":253,\"caption\":\"House Raduha\"},\"image\":{\"@id\":\"https:\/\/raduha.com\/de\/#\/schema\/logo\/image\/\"},\"sameAs\":[\"https:\/\/www.facebook.com\/RaduhaHouse\/\",\"https:\/\/www.instagram.com\/hisa_raduha\/\"]}]}<\/script>\n<!-- \/ Yoast SEO plugin. -->","yoast_head_json":{"title":"Schlafen und tr\u00e4umen - Hi\u0161a Raduha Boutique Hotel and Restaurant with Exquisite Cuisine and Good Architecture | Indulge in Comfort and Culinary Delights in a Beautiful Setting","description":"Discover a unique experience at our boutique hotel and restaurant. Indulge in comfort and savor exquisite culinary creations in a beautiful setting with good architecture. Let us pamper you with authentic flavors and unforgettable moments.","robots":{"index":"index","follow":"follow","max-snippet":"max-snippet:-1","max-image-preview":"max-image-preview:large","max-video-preview":"max-video-preview:-1"},"canonical":"https:\/\/raduha.com\/de\/schlafen-und-traumen\/","og_locale":"de_DE","og_type":"article","og_title":"Schlafen und tr\u00e4umen - Hi\u0161a Raduha Boutique Hotel and Restaurant with Exquisite Cuisine and Good Architecture | Indulge in Comfort and Culinary Delights in a Beautiful Setting","og_description":"Discover a unique experience at our boutique hotel and restaurant. Indulge in comfort and savor exquisite culinary creations in a beautiful setting with good architecture. Let us pamper you with authentic flavors and unforgettable moments.","og_url":"https:\/\/raduha.com\/de\/schlafen-und-traumen\/","og_site_name":"Hi\u0161a Raduha","article_publisher":"https:\/\/www.facebook.com\/RaduhaHouse\/","article_modified_time":"2025-02-10T11:40:59+00:00","og_image":[{"width":378,"height":253,"url":"https:\/\/raduha.com\/wp-content\/uploads\/2023\/12\/hisa_raduha_logotip_final-3.jpg","type":"image\/jpeg"}],"twitter_card":"summary_large_image","twitter_misc":{"Gesch\u00e4tzte Lesezeit":"1\u00a0Minute"},"schema":{"@context":"https:\/\/schema.org","@graph":[{"@type":"WebPage","@id":"https:\/\/raduha.com\/de\/schlafen-und-traumen\/","url":"https:\/\/raduha.com\/de\/schlafen-und-traumen\/","name":"Schlafen und tr\u00e4umen - Hi\u0161a Raduha Boutique Hotel and Restaurant with Exquisite Cuisine and Good Architecture | Indulge in Comfort and Culinary Delights in a Beautiful Setting","isPartOf":{"@id":"https:\/\/raduha.com\/de\/#website"},"datePublished":"2019-09-24T20:56:06+00:00","dateModified":"2025-02-10T11:40:59+00:00","description":"Discover a unique experience at our boutique hotel and restaurant. Indulge in comfort and savor exquisite culinary creations in a beautiful setting with good architecture. Let us pamper you with authentic flavors and unforgettable moments.","breadcrumb":{"@id":"https:\/\/raduha.com\/de\/schlafen-und-traumen\/#breadcrumb"},"inLanguage":"de","potentialAction":[{"@type":"ReadAction","target":["https:\/\/raduha.com\/de\/schlafen-und-traumen\/"]}]},{"@type":"BreadcrumbList","@id":"https:\/\/raduha.com\/de\/schlafen-und-traumen\/#breadcrumb","itemListElement":[{"@type":"ListItem","position":1,"name":"Home","item":"https:\/\/raduha.com\/de\/domov\/"},{"@type":"ListItem","position":2,"name":"Schlafen und tr\u00e4umen"}]},{"@type":"WebSite","@id":"https:\/\/raduha.com\/de\/#website","url":"https:\/\/raduha.com\/de\/","name":"House Raduha","description":"House Raduha, boutique hotel and delicious food","publisher":{"@id":"https:\/\/raduha.com\/de\/#organization"},"potentialAction":[{"@type":"SearchAction","target":{"@type":"EntryPoint","urlTemplate":"https:\/\/raduha.com\/de\/?s={search_term_string}"},"query-input":{"@type":"PropertyValueSpecification","valueRequired":true,"valueName":"search_term_string"}}],"inLanguage":"de"},{"@type":"Organization","@id":"https:\/\/raduha.com\/de\/#organization","name":"House Raduha","url":"https:\/\/raduha.com\/de\/","logo":{"@type":"ImageObject","inLanguage":"de","@id":"https:\/\/raduha.com\/de\/#\/schema\/logo\/image\/","url":"https:\/\/raduha.com\/wp-content\/uploads\/2023\/12\/hisa_raduha_logotip_final-3.jpg","contentUrl":"https:\/\/raduha.com\/wp-content\/uploads\/2023\/12\/hisa_raduha_logotip_final-3.jpg","width":378,"height":253,"caption":"House Raduha"},"image":{"@id":"https:\/\/raduha.com\/de\/#\/schema\/logo\/image\/"},"sameAs":["https:\/\/www.facebook.com\/RaduhaHouse\/","https:\/\/www.instagram.com\/hisa_raduha\/"]}]}},"_links":{"self":[{"href":"https:\/\/raduha.com\/de\/wp-json\/wp\/v2\/pages\/322","targetHints":{"allow":["GET"]}}],"collection":[{"href":"https:\/\/raduha.com\/de\/wp-json\/wp\/v2\/pages"}],"about":[{"href":"https:\/\/raduha.com\/de\/wp-json\/wp\/v2\/types\/page"}],"author":[{"embeddable":true,"href":"https:\/\/raduha.com\/de\/wp-json\/wp\/v2\/users\/1"}],"replies":[{"embeddable":true,"href":"https:\/\/raduha.com\/de\/wp-json\/wp\/v2\/comments?post=322"}],"version-history":[{"count":27,"href":"https:\/\/raduha.com\/de\/wp-json\/wp\/v2\/pages\/322\/revisions"}],"predecessor-version":[{"id":2702,"href":"https:\/\/raduha.com\/de\/wp-json\/wp\/v2\/pages\/322\/revisions\/2702"}],"wp:attachment":[{"href":"https:\/\/raduha.com\/de\/wp-json\/wp\/v2\/media?parent=322"}],"curies":[{"name":"wp","href":"https:\/\/api.w.org\/{rel}","templated":true}]}}