{"id":351,"date":"2019-09-26T16:39:57","date_gmt":"2019-09-26T15:39:57","guid":{"rendered":"http:\/\/raduha.com\/faq\/"},"modified":"2024-01-04T18:27:44","modified_gmt":"2024-01-04T17:27:44","slug":"faq","status":"publish","type":"page","link":"https:\/\/raduha.com\/de\/faq\/","title":{"rendered":"FAQ"},"content":{"rendered":"\n<h3 class=\"wp-block-heading\">Sind Kinder willkommen?<\/h3>\n\n\n\n<p>Kinder sind willkommen, solange sie zu einem kulinarischen Erlebnis bereit sind. Wir bieten keine besonderen Kindermen\u00fcs an, aber Sie k\u00f6nnen ein paar Kostproben nehmen.<\/p>\n\n\n\n<h3 class=\"wp-block-heading\">Sind Hunde willkommen?<\/h3>\n\n\n\n<p>Ihr Hund ist in dem Haus Raduha gegen einen&nbsp;Aufpreis von \u20ac 20,\u2013\/Nacht&nbsp;herzlich willkommen. Wir bitten um Verst\u00e4ndnis, dass Hunde im Restaurant nicht erlaubt sind.<\/p>\n\n\n\n<h3 class=\"wp-block-heading\">Bieten Sie auch Mittagessen an?<\/h3>\n\n\n\n<p>Nein, unser Restaurant ist nur zum Fr\u00fchst\u00fcck und Abendessen ge\u00f6ffnet.<\/p>\n\n\n\n<h3 class=\"wp-block-heading\">Gibt es vegetarische Speisen?<\/h3>\n\n\n\n<p>Ja, wenn Sie uns vor Ihrer Ankunft oder bei der Buchung Ihrer Unterkunft dar\u00fcber informieren. <\/p>\n\n\n\n<h3 class=\"wp-block-heading\">K\u00f6nnen wir ein Tisch reservieren, wenn wir nicht Pensionsg\u00e4ste sind?<\/h3>\n\n\n\n<p>Wenn wir einen freien Tisch haben, sind auch G\u00e4ste, die nicht in unserem Haus untergebracht sind, willkommen. Die vorzeitige Reservierung ist erforderlich. <\/p>\n\n\n\n<h3 class=\"wp-block-heading\">M\u00fcssen Pensionsg\u00e4ste auch den Tisch reservieren?<\/h3>\n\n\n\n<p>Wenn Ihr Paket kein Abendessen beinhaltet, bitte reservieren Sie  vor Ihrer Ankunft per E-Mail.<\/p>\n\n\n\n<h3 class=\"wp-block-heading\">Wann k\u00f6nnen wir einchecken bzw. auschecken?<\/h3>\n\n\n\n<p>Der Check-in beginnt ab 14 Uhr, der Check-out ist bis 11 Uhr.<\/p>\n\n\n\n<p>Bitte informieren Sie uns im Voraus per E-mail wenn Ihre voraussichtliche Ankunftszeit nicht zwischen 8 und 23 Uhr f\u00e4llt.<\/p>\n\n\n\n<h3 class=\"wp-block-heading\">Wann gibt es Fr\u00fchst\u00fcck? Wann gibt es Abendessen?<\/h3>\n\n\n\n<p>Fr\u00fchst\u00fcck wird von 8 bis 11 Uhr serviert, Abendessen beginnt um 20 Uhr.<\/p>\n\n\n\n<h3 class=\"wp-block-heading\">Was passiert, wenn ich meine Reservierung storniere?<\/h3>\n\n\n\n<p>Reservierungen werden noch bis zu 10 Tage vor der vorhergesehenen Ankunft kostenlos storniert. Bei Abbruch der Reservierung bis 5 Tage vor der vorhergesehenen Ankunft wird diese zu 50 % verrechnet. Reservierungsabbruch in den letzten 5 Tagen wird zu 100 % verrechnet.<\/p>\n\n\n\n<h3 class=\"wp-block-heading\">Wie lange ist ein Gutschein g\u00fcltig?<\/h3>\n\n\n\n<p>Gutschein ist ein Jahr ab Ausstellungsdatum g\u00fcltig.<\/p>\n\n\n\n<h3 class=\"wp-block-heading\">Wie viele Personen k\u00f6nnen im Baumhaus untergebracht werden?<\/h3>\n\n\n\n<p>Das Baumhaus bietet Platz f\u00fcr bis zu 2 Personen. Wenn Sie Kinder haben, empfehlen wir Ihnen den Heustadel oder den alten Stall.<\/p>\n\n\n\n<h3 class=\"wp-block-heading\">Wie viele Personen k\u00f6nnen in dem Heustadel untergebracht werden?<\/h3>\n\n\n\n<p>Der Heustadel bietet Platz f\u00fcr bis zu 4 Personen. Der hat ein Doppelbett und zwei Einzelbetten.<\/p>\n\n\n\n<h3 class=\"wp-block-heading\">Wie viele Personen k\u00f6nnen in dem alten Stall untergebracht werden?<\/h3>\n\n\n\n<p>Die Suite bietet Platz f\u00fcr bis zu 4 Personen und verf\u00fcgt \u00fcber zwei Doppelbetten.<\/p>\n","protected":false},"excerpt":{"rendered":"<p>Sind Kinder willkommen? Kinder sind willkommen, solange sie zu einem kulinarischen Erlebnis bereit sind. Wir bieten keine besonderen Kindermen\u00fcs an, aber Sie k\u00f6nnen ein paar Kostproben nehmen. Sind Hunde willkommen? Ihr Hund ist in dem Haus Raduha gegen einen&nbsp;Aufpreis von \u20ac 20,\u2013\/Nacht&nbsp;herzlich willkommen. Wir bitten um Verst\u00e4ndnis, dass Hunde im Restaurant nicht erlaubt sind. Bieten [&hellip;]<\/p>\n","protected":false},"author":1,"featured_media":0,"parent":0,"menu_order":0,"comment_status":"closed","ping_status":"closed","template":"CustomPogostaVprasanja.php","meta":{"_acf_changed":false,"footnotes":""},"class_list":["post-351","page","type-page","status-publish","hentry"],"acf":[],"yoast_head":"<!-- This site is optimized with the Yoast SEO plugin v24.6 - https:\/\/yoast.com\/wordpress\/plugins\/seo\/ -->\n<title>FAQ - Hi\u0161a Raduha Boutique Hotel and Restaurant with Exquisite Cuisine and Good Architecture | Indulge in Comfort and Culinary Delights in a Beautiful Setting<\/title>\n<meta name=\"description\" content=\"Discover a unique experience at our boutique hotel and restaurant. Indulge in comfort and savor exquisite culinary creations in a beautiful setting with good architecture. Let us pamper you with authentic flavors and unforgettable moments.\" \/>\n<meta name=\"robots\" content=\"index, follow, max-snippet:-1, max-image-preview:large, max-video-preview:-1\" \/>\n<link rel=\"canonical\" href=\"https:\/\/raduha.com\/de\/faq\/\" \/>\n<meta property=\"og:locale\" content=\"de_DE\" \/>\n<meta property=\"og:type\" content=\"article\" \/>\n<meta property=\"og:title\" content=\"FAQ - Hi\u0161a Raduha Boutique Hotel and Restaurant with Exquisite Cuisine and Good Architecture | Indulge in Comfort and Culinary Delights in a Beautiful Setting\" \/>\n<meta property=\"og:description\" content=\"Discover a unique experience at our boutique hotel and restaurant. Indulge in comfort and savor exquisite culinary creations in a beautiful setting with good architecture. Let us pamper you with authentic flavors and unforgettable moments.\" \/>\n<meta property=\"og:url\" content=\"https:\/\/raduha.com\/de\/faq\/\" \/>\n<meta property=\"og:site_name\" content=\"Hi\u0161a Raduha\" \/>\n<meta property=\"article:publisher\" content=\"https:\/\/www.facebook.com\/RaduhaHouse\/\" \/>\n<meta property=\"article:modified_time\" content=\"2024-01-04T17:27:44+00:00\" \/>\n<meta property=\"og:image\" content=\"https:\/\/raduha.com\/wp-content\/uploads\/2023\/12\/hisa_raduha_logotip_final-3.jpg\" \/>\n\t<meta property=\"og:image:width\" content=\"378\" \/>\n\t<meta property=\"og:image:height\" content=\"253\" \/>\n\t<meta property=\"og:image:type\" content=\"image\/jpeg\" \/>\n<meta name=\"twitter:card\" content=\"summary_large_image\" \/>\n<meta name=\"twitter:label1\" content=\"Gesch\u00e4tzte Lesezeit\" \/>\n\t<meta name=\"twitter:data1\" content=\"2\u00a0Minuten\" \/>\n<script type=\"application\/ld+json\" class=\"yoast-schema-graph\">{\"@context\":\"https:\/\/schema.org\",\"@graph\":[{\"@type\":\"WebPage\",\"@id\":\"https:\/\/raduha.com\/de\/faq\/\",\"url\":\"https:\/\/raduha.com\/de\/faq\/\",\"name\":\"FAQ - Hi\u0161a Raduha Boutique Hotel and Restaurant with Exquisite Cuisine and Good Architecture | Indulge in Comfort and Culinary Delights in a Beautiful Setting\",\"isPartOf\":{\"@id\":\"https:\/\/raduha.com\/de\/#website\"},\"datePublished\":\"2019-09-26T15:39:57+00:00\",\"dateModified\":\"2024-01-04T17:27:44+00:00\",\"description\":\"Discover a unique experience at our boutique hotel and restaurant. Indulge in comfort and savor exquisite culinary creations in a beautiful setting with good architecture. Let us pamper you with authentic flavors and unforgettable moments.\",\"breadcrumb\":{\"@id\":\"https:\/\/raduha.com\/de\/faq\/#breadcrumb\"},\"inLanguage\":\"de\",\"potentialAction\":[{\"@type\":\"ReadAction\",\"target\":[\"https:\/\/raduha.com\/de\/faq\/\"]}]},{\"@type\":\"BreadcrumbList\",\"@id\":\"https:\/\/raduha.com\/de\/faq\/#breadcrumb\",\"itemListElement\":[{\"@type\":\"ListItem\",\"position\":1,\"name\":\"Home\",\"item\":\"https:\/\/raduha.com\/de\/domov\/\"},{\"@type\":\"ListItem\",\"position\":2,\"name\":\"FAQ\"}]},{\"@type\":\"WebSite\",\"@id\":\"https:\/\/raduha.com\/de\/#website\",\"url\":\"https:\/\/raduha.com\/de\/\",\"name\":\"House Raduha\",\"description\":\"House Raduha, boutique hotel and delicious food\",\"publisher\":{\"@id\":\"https:\/\/raduha.com\/de\/#organization\"},\"potentialAction\":[{\"@type\":\"SearchAction\",\"target\":{\"@type\":\"EntryPoint\",\"urlTemplate\":\"https:\/\/raduha.com\/de\/?s={search_term_string}\"},\"query-input\":{\"@type\":\"PropertyValueSpecification\",\"valueRequired\":true,\"valueName\":\"search_term_string\"}}],\"inLanguage\":\"de\"},{\"@type\":\"Organization\",\"@id\":\"https:\/\/raduha.com\/de\/#organization\",\"name\":\"House Raduha\",\"url\":\"https:\/\/raduha.com\/de\/\",\"logo\":{\"@type\":\"ImageObject\",\"inLanguage\":\"de\",\"@id\":\"https:\/\/raduha.com\/de\/#\/schema\/logo\/image\/\",\"url\":\"https:\/\/raduha.com\/wp-content\/uploads\/2023\/12\/hisa_raduha_logotip_final-3.jpg\",\"contentUrl\":\"https:\/\/raduha.com\/wp-content\/uploads\/2023\/12\/hisa_raduha_logotip_final-3.jpg\",\"width\":378,\"height\":253,\"caption\":\"House Raduha\"},\"image\":{\"@id\":\"https:\/\/raduha.com\/de\/#\/schema\/logo\/image\/\"},\"sameAs\":[\"https:\/\/www.facebook.com\/RaduhaHouse\/\",\"https:\/\/www.instagram.com\/hisa_raduha\/\"]}]}<\/script>\n<!-- \/ Yoast SEO plugin. -->","yoast_head_json":{"title":"FAQ - Hi\u0161a Raduha Boutique Hotel and Restaurant with Exquisite Cuisine and Good Architecture | Indulge in Comfort and Culinary Delights in a Beautiful Setting","description":"Discover a unique experience at our boutique hotel and restaurant. Indulge in comfort and savor exquisite culinary creations in a beautiful setting with good architecture. Let us pamper you with authentic flavors and unforgettable moments.","robots":{"index":"index","follow":"follow","max-snippet":"max-snippet:-1","max-image-preview":"max-image-preview:large","max-video-preview":"max-video-preview:-1"},"canonical":"https:\/\/raduha.com\/de\/faq\/","og_locale":"de_DE","og_type":"article","og_title":"FAQ - Hi\u0161a Raduha Boutique Hotel and Restaurant with Exquisite Cuisine and Good Architecture | Indulge in Comfort and Culinary Delights in a Beautiful Setting","og_description":"Discover a unique experience at our boutique hotel and restaurant. Indulge in comfort and savor exquisite culinary creations in a beautiful setting with good architecture. Let us pamper you with authentic flavors and unforgettable moments.","og_url":"https:\/\/raduha.com\/de\/faq\/","og_site_name":"Hi\u0161a Raduha","article_publisher":"https:\/\/www.facebook.com\/RaduhaHouse\/","article_modified_time":"2024-01-04T17:27:44+00:00","og_image":[{"width":378,"height":253,"url":"https:\/\/raduha.com\/wp-content\/uploads\/2023\/12\/hisa_raduha_logotip_final-3.jpg","type":"image\/jpeg"}],"twitter_card":"summary_large_image","twitter_misc":{"Gesch\u00e4tzte Lesezeit":"2\u00a0Minuten"},"schema":{"@context":"https:\/\/schema.org","@graph":[{"@type":"WebPage","@id":"https:\/\/raduha.com\/de\/faq\/","url":"https:\/\/raduha.com\/de\/faq\/","name":"FAQ - Hi\u0161a Raduha Boutique Hotel and Restaurant with Exquisite Cuisine and Good Architecture | Indulge in Comfort and Culinary Delights in a Beautiful Setting","isPartOf":{"@id":"https:\/\/raduha.com\/de\/#website"},"datePublished":"2019-09-26T15:39:57+00:00","dateModified":"2024-01-04T17:27:44+00:00","description":"Discover a unique experience at our boutique hotel and restaurant. Indulge in comfort and savor exquisite culinary creations in a beautiful setting with good architecture. Let us pamper you with authentic flavors and unforgettable moments.","breadcrumb":{"@id":"https:\/\/raduha.com\/de\/faq\/#breadcrumb"},"inLanguage":"de","potentialAction":[{"@type":"ReadAction","target":["https:\/\/raduha.com\/de\/faq\/"]}]},{"@type":"BreadcrumbList","@id":"https:\/\/raduha.com\/de\/faq\/#breadcrumb","itemListElement":[{"@type":"ListItem","position":1,"name":"Home","item":"https:\/\/raduha.com\/de\/domov\/"},{"@type":"ListItem","position":2,"name":"FAQ"}]},{"@type":"WebSite","@id":"https:\/\/raduha.com\/de\/#website","url":"https:\/\/raduha.com\/de\/","name":"House Raduha","description":"House Raduha, boutique hotel and delicious food","publisher":{"@id":"https:\/\/raduha.com\/de\/#organization"},"potentialAction":[{"@type":"SearchAction","target":{"@type":"EntryPoint","urlTemplate":"https:\/\/raduha.com\/de\/?s={search_term_string}"},"query-input":{"@type":"PropertyValueSpecification","valueRequired":true,"valueName":"search_term_string"}}],"inLanguage":"de"},{"@type":"Organization","@id":"https:\/\/raduha.com\/de\/#organization","name":"House Raduha","url":"https:\/\/raduha.com\/de\/","logo":{"@type":"ImageObject","inLanguage":"de","@id":"https:\/\/raduha.com\/de\/#\/schema\/logo\/image\/","url":"https:\/\/raduha.com\/wp-content\/uploads\/2023\/12\/hisa_raduha_logotip_final-3.jpg","contentUrl":"https:\/\/raduha.com\/wp-content\/uploads\/2023\/12\/hisa_raduha_logotip_final-3.jpg","width":378,"height":253,"caption":"House Raduha"},"image":{"@id":"https:\/\/raduha.com\/de\/#\/schema\/logo\/image\/"},"sameAs":["https:\/\/www.facebook.com\/RaduhaHouse\/","https:\/\/www.instagram.com\/hisa_raduha\/"]}]}},"_links":{"self":[{"href":"https:\/\/raduha.com\/de\/wp-json\/wp\/v2\/pages\/351","targetHints":{"allow":["GET"]}}],"collection":[{"href":"https:\/\/raduha.com\/de\/wp-json\/wp\/v2\/pages"}],"about":[{"href":"https:\/\/raduha.com\/de\/wp-json\/wp\/v2\/types\/page"}],"author":[{"embeddable":true,"href":"https:\/\/raduha.com\/de\/wp-json\/wp\/v2\/users\/1"}],"replies":[{"embeddable":true,"href":"https:\/\/raduha.com\/de\/wp-json\/wp\/v2\/comments?post=351"}],"version-history":[{"count":9,"href":"https:\/\/raduha.com\/de\/wp-json\/wp\/v2\/pages\/351\/revisions"}],"predecessor-version":[{"id":2588,"href":"https:\/\/raduha.com\/de\/wp-json\/wp\/v2\/pages\/351\/revisions\/2588"}],"wp:attachment":[{"href":"https:\/\/raduha.com\/de\/wp-json\/wp\/v2\/media?parent=351"}],"curies":[{"name":"wp","href":"https:\/\/api.w.org\/{rel}","templated":true}]}}