{"id":357,"date":"2019-09-25T17:42:23","date_gmt":"2019-09-25T16:42:23","guid":{"rendered":"http:\/\/raduha.com\/erholungsmoglichkeite\/"},"modified":"2023-10-09T12:57:29","modified_gmt":"2023-10-09T10:57:29","slug":"erholungsmoglichkeiten","status":"publish","type":"page","link":"https:\/\/raduha.com\/de\/erholungsmoglichkeiten\/","title":{"rendered":"Erholungsm\u00f6glichkeiten"},"content":{"rendered":"\n<p>Lu\u010de ist ein h\u00fcbscher touristischer Gebirgsort auf 520 m Meeresh\u00f6he und l\u00e4dt alle Naturliebhaber ein.<\/p>\n\n\n\n<p>Lu\u010de ist ein hervorragender Ausgangspunkt f\u00fcr Wanderer und Radfahrer, die zwischen leichten und anspruchsvollen Touren in den Steiner Alpen w\u00e4hlen k\u00f6nnen.<\/p>\n","protected":false},"excerpt":{"rendered":"<p>Lu\u010de ist ein h\u00fcbscher touristischer Gebirgsort auf 520 m Meeresh\u00f6he und l\u00e4dt alle Naturliebhaber ein. Lu\u010de ist ein hervorragender Ausgangspunkt f\u00fcr Wanderer und Radfahrer, die zwischen leichten und anspruchsvollen Touren in den Steiner Alpen w\u00e4hlen k\u00f6nnen.<\/p>\n","protected":false},"author":1,"featured_media":0,"parent":0,"menu_order":0,"comment_status":"closed","ping_status":"closed","template":"CustomNavdihZaOddih-sliding.php","meta":{"_acf_changed":false,"footnotes":""},"class_list":["post-357","page","type-page","status-publish","hentry"],"acf":[],"yoast_head":"<!-- This site is optimized with the Yoast SEO plugin v24.6 - https:\/\/yoast.com\/wordpress\/plugins\/seo\/ -->\n<title>Erholungsm\u00f6glichkeiten - Hi\u0161a Raduha Boutique Hotel and Restaurant with Exquisite Cuisine and Good Architecture | Indulge in Comfort and Culinary Delights in a Beautiful Setting<\/title>\n<meta name=\"description\" content=\"Discover a unique experience at our boutique hotel and restaurant. Indulge in comfort and savor exquisite culinary creations in a beautiful setting with good architecture. Let us pamper you with authentic flavors and unforgettable moments.\" \/>\n<meta name=\"robots\" content=\"index, follow, max-snippet:-1, max-image-preview:large, max-video-preview:-1\" \/>\n<link rel=\"canonical\" href=\"https:\/\/raduha.com\/de\/erholungsmoglichkeiten\/\" \/>\n<meta property=\"og:locale\" content=\"de_DE\" \/>\n<meta property=\"og:type\" content=\"article\" \/>\n<meta property=\"og:title\" content=\"Erholungsm\u00f6glichkeiten - Hi\u0161a Raduha Boutique Hotel and Restaurant with Exquisite Cuisine and Good Architecture | Indulge in Comfort and Culinary Delights in a Beautiful Setting\" \/>\n<meta property=\"og:description\" content=\"Discover a unique experience at our boutique hotel and restaurant. Indulge in comfort and savor exquisite culinary creations in a beautiful setting with good architecture. Let us pamper you with authentic flavors and unforgettable moments.\" \/>\n<meta property=\"og:url\" content=\"https:\/\/raduha.com\/de\/erholungsmoglichkeiten\/\" \/>\n<meta property=\"og:site_name\" content=\"Hi\u0161a Raduha\" \/>\n<meta property=\"article:publisher\" content=\"https:\/\/www.facebook.com\/RaduhaHouse\/\" \/>\n<meta property=\"article:modified_time\" content=\"2023-10-09T10:57:29+00:00\" \/>\n<meta property=\"og:image\" content=\"https:\/\/raduha.com\/wp-content\/uploads\/2023\/12\/hisa_raduha_logotip_final-3.jpg\" \/>\n\t<meta property=\"og:image:width\" content=\"378\" \/>\n\t<meta property=\"og:image:height\" content=\"253\" \/>\n\t<meta property=\"og:image:type\" content=\"image\/jpeg\" \/>\n<meta name=\"twitter:card\" content=\"summary_large_image\" \/>\n<script type=\"application\/ld+json\" class=\"yoast-schema-graph\">{\"@context\":\"https:\/\/schema.org\",\"@graph\":[{\"@type\":\"WebPage\",\"@id\":\"https:\/\/raduha.com\/de\/erholungsmoglichkeiten\/\",\"url\":\"https:\/\/raduha.com\/de\/erholungsmoglichkeiten\/\",\"name\":\"Erholungsm\u00f6glichkeiten - Hi\u0161a Raduha Boutique Hotel and Restaurant with Exquisite Cuisine and Good Architecture | Indulge in Comfort and Culinary Delights in a Beautiful Setting\",\"isPartOf\":{\"@id\":\"https:\/\/raduha.com\/de\/#website\"},\"datePublished\":\"2019-09-25T16:42:23+00:00\",\"dateModified\":\"2023-10-09T10:57:29+00:00\",\"description\":\"Discover a unique experience at our boutique hotel and restaurant. Indulge in comfort and savor exquisite culinary creations in a beautiful setting with good architecture. Let us pamper you with authentic flavors and unforgettable moments.\",\"breadcrumb\":{\"@id\":\"https:\/\/raduha.com\/de\/erholungsmoglichkeiten\/#breadcrumb\"},\"inLanguage\":\"de\",\"potentialAction\":[{\"@type\":\"ReadAction\",\"target\":[\"https:\/\/raduha.com\/de\/erholungsmoglichkeiten\/\"]}]},{\"@type\":\"BreadcrumbList\",\"@id\":\"https:\/\/raduha.com\/de\/erholungsmoglichkeiten\/#breadcrumb\",\"itemListElement\":[{\"@type\":\"ListItem\",\"position\":1,\"name\":\"Home\",\"item\":\"https:\/\/raduha.com\/de\/domov\/\"},{\"@type\":\"ListItem\",\"position\":2,\"name\":\"Erholungsm\u00f6glichkeiten\"}]},{\"@type\":\"WebSite\",\"@id\":\"https:\/\/raduha.com\/de\/#website\",\"url\":\"https:\/\/raduha.com\/de\/\",\"name\":\"House Raduha\",\"description\":\"House Raduha, boutique hotel and delicious food\",\"publisher\":{\"@id\":\"https:\/\/raduha.com\/de\/#organization\"},\"potentialAction\":[{\"@type\":\"SearchAction\",\"target\":{\"@type\":\"EntryPoint\",\"urlTemplate\":\"https:\/\/raduha.com\/de\/?s={search_term_string}\"},\"query-input\":{\"@type\":\"PropertyValueSpecification\",\"valueRequired\":true,\"valueName\":\"search_term_string\"}}],\"inLanguage\":\"de\"},{\"@type\":\"Organization\",\"@id\":\"https:\/\/raduha.com\/de\/#organization\",\"name\":\"House Raduha\",\"url\":\"https:\/\/raduha.com\/de\/\",\"logo\":{\"@type\":\"ImageObject\",\"inLanguage\":\"de\",\"@id\":\"https:\/\/raduha.com\/de\/#\/schema\/logo\/image\/\",\"url\":\"https:\/\/raduha.com\/wp-content\/uploads\/2023\/12\/hisa_raduha_logotip_final-3.jpg\",\"contentUrl\":\"https:\/\/raduha.com\/wp-content\/uploads\/2023\/12\/hisa_raduha_logotip_final-3.jpg\",\"width\":378,\"height\":253,\"caption\":\"House Raduha\"},\"image\":{\"@id\":\"https:\/\/raduha.com\/de\/#\/schema\/logo\/image\/\"},\"sameAs\":[\"https:\/\/www.facebook.com\/RaduhaHouse\/\",\"https:\/\/www.instagram.com\/hisa_raduha\/\"]}]}<\/script>\n<!-- \/ Yoast SEO plugin. -->","yoast_head_json":{"title":"Erholungsm\u00f6glichkeiten - Hi\u0161a Raduha Boutique Hotel and Restaurant with Exquisite Cuisine and Good Architecture | Indulge in Comfort and Culinary Delights in a Beautiful Setting","description":"Discover a unique experience at our boutique hotel and restaurant. Indulge in comfort and savor exquisite culinary creations in a beautiful setting with good architecture. Let us pamper you with authentic flavors and unforgettable moments.","robots":{"index":"index","follow":"follow","max-snippet":"max-snippet:-1","max-image-preview":"max-image-preview:large","max-video-preview":"max-video-preview:-1"},"canonical":"https:\/\/raduha.com\/de\/erholungsmoglichkeiten\/","og_locale":"de_DE","og_type":"article","og_title":"Erholungsm\u00f6glichkeiten - Hi\u0161a Raduha Boutique Hotel and Restaurant with Exquisite Cuisine and Good Architecture | Indulge in Comfort and Culinary Delights in a Beautiful Setting","og_description":"Discover a unique experience at our boutique hotel and restaurant. Indulge in comfort and savor exquisite culinary creations in a beautiful setting with good architecture. Let us pamper you with authentic flavors and unforgettable moments.","og_url":"https:\/\/raduha.com\/de\/erholungsmoglichkeiten\/","og_site_name":"Hi\u0161a Raduha","article_publisher":"https:\/\/www.facebook.com\/RaduhaHouse\/","article_modified_time":"2023-10-09T10:57:29+00:00","og_image":[{"width":378,"height":253,"url":"https:\/\/raduha.com\/wp-content\/uploads\/2023\/12\/hisa_raduha_logotip_final-3.jpg","type":"image\/jpeg"}],"twitter_card":"summary_large_image","schema":{"@context":"https:\/\/schema.org","@graph":[{"@type":"WebPage","@id":"https:\/\/raduha.com\/de\/erholungsmoglichkeiten\/","url":"https:\/\/raduha.com\/de\/erholungsmoglichkeiten\/","name":"Erholungsm\u00f6glichkeiten - Hi\u0161a Raduha Boutique Hotel and Restaurant with Exquisite Cuisine and Good Architecture | Indulge in Comfort and Culinary Delights in a Beautiful Setting","isPartOf":{"@id":"https:\/\/raduha.com\/de\/#website"},"datePublished":"2019-09-25T16:42:23+00:00","dateModified":"2023-10-09T10:57:29+00:00","description":"Discover a unique experience at our boutique hotel and restaurant. Indulge in comfort and savor exquisite culinary creations in a beautiful setting with good architecture. Let us pamper you with authentic flavors and unforgettable moments.","breadcrumb":{"@id":"https:\/\/raduha.com\/de\/erholungsmoglichkeiten\/#breadcrumb"},"inLanguage":"de","potentialAction":[{"@type":"ReadAction","target":["https:\/\/raduha.com\/de\/erholungsmoglichkeiten\/"]}]},{"@type":"BreadcrumbList","@id":"https:\/\/raduha.com\/de\/erholungsmoglichkeiten\/#breadcrumb","itemListElement":[{"@type":"ListItem","position":1,"name":"Home","item":"https:\/\/raduha.com\/de\/domov\/"},{"@type":"ListItem","position":2,"name":"Erholungsm\u00f6glichkeiten"}]},{"@type":"WebSite","@id":"https:\/\/raduha.com\/de\/#website","url":"https:\/\/raduha.com\/de\/","name":"House Raduha","description":"House Raduha, boutique hotel and delicious food","publisher":{"@id":"https:\/\/raduha.com\/de\/#organization"},"potentialAction":[{"@type":"SearchAction","target":{"@type":"EntryPoint","urlTemplate":"https:\/\/raduha.com\/de\/?s={search_term_string}"},"query-input":{"@type":"PropertyValueSpecification","valueRequired":true,"valueName":"search_term_string"}}],"inLanguage":"de"},{"@type":"Organization","@id":"https:\/\/raduha.com\/de\/#organization","name":"House Raduha","url":"https:\/\/raduha.com\/de\/","logo":{"@type":"ImageObject","inLanguage":"de","@id":"https:\/\/raduha.com\/de\/#\/schema\/logo\/image\/","url":"https:\/\/raduha.com\/wp-content\/uploads\/2023\/12\/hisa_raduha_logotip_final-3.jpg","contentUrl":"https:\/\/raduha.com\/wp-content\/uploads\/2023\/12\/hisa_raduha_logotip_final-3.jpg","width":378,"height":253,"caption":"House Raduha"},"image":{"@id":"https:\/\/raduha.com\/de\/#\/schema\/logo\/image\/"},"sameAs":["https:\/\/www.facebook.com\/RaduhaHouse\/","https:\/\/www.instagram.com\/hisa_raduha\/"]}]}},"_links":{"self":[{"href":"https:\/\/raduha.com\/de\/wp-json\/wp\/v2\/pages\/357","targetHints":{"allow":["GET"]}}],"collection":[{"href":"https:\/\/raduha.com\/de\/wp-json\/wp\/v2\/pages"}],"about":[{"href":"https:\/\/raduha.com\/de\/wp-json\/wp\/v2\/types\/page"}],"author":[{"embeddable":true,"href":"https:\/\/raduha.com\/de\/wp-json\/wp\/v2\/users\/1"}],"replies":[{"embeddable":true,"href":"https:\/\/raduha.com\/de\/wp-json\/wp\/v2\/comments?post=357"}],"version-history":[{"count":24,"href":"https:\/\/raduha.com\/de\/wp-json\/wp\/v2\/pages\/357\/revisions"}],"predecessor-version":[{"id":2509,"href":"https:\/\/raduha.com\/de\/wp-json\/wp\/v2\/pages\/357\/revisions\/2509"}],"wp:attachment":[{"href":"https:\/\/raduha.com\/de\/wp-json\/wp\/v2\/media?parent=357"}],"curies":[{"name":"wp","href":"https:\/\/api.w.org\/{rel}","templated":true}]}}